{"id":1551,"date":"2019-03-07T13:59:50","date_gmt":"2019-03-07T12:59:50","guid":{"rendered":"https:\/\/www.modellbau-kurtenbach.de\/agb\/"},"modified":"2019-03-28T18:27:09","modified_gmt":"2019-03-28T17:27:09","slug":"gtc","status":"publish","type":"page","link":"https:\/\/www.modellbau-kurtenbach.de\/en\/gtc\/","title":{"rendered":"GTC"},"content":{"rendered":"\n<style type=\"text\/css\" data-created_by=\"avia_inline_auto\" id=\"style-css-av-jt8si44q-60d1b7489103f8eb7716857276f678e9\">\n#top .hr.hr-invisible.av-jt8si44q-60d1b7489103f8eb7716857276f678e9{\nheight:50px;\n}\n<\/style>\n<div  class='hr av-jt8si44q-60d1b7489103f8eb7716857276f678e9 hr-invisible  avia-builder-el-0  el_before_av_textblock  avia-builder-el-first '><span class='hr-inner '><span class=\"hr-inner-style\"><\/span><\/span><\/div>\n<section  class='av_textblock_section av-jt4l4byq-a082ea127db81b1c0031ec331e3fb8b0 '   itemscope=\"itemscope\" itemtype=\"https:\/\/schema.org\/CreativeWork\" ><div class='avia_textblock'  itemprop=\"text\" ><h1>General Terms and Conditions of Business (GTC)<\/h1>\n<\/div><\/section>\n\n<style type=\"text\/css\" data-created_by=\"avia_inline_auto\" id=\"style-css-av-jt4l33a2-f4b97cb797dabd2a21645f07bb67eba5\">\n#top .hr.av-jt4l33a2-f4b97cb797dabd2a21645f07bb67eba5{\nmargin-top:10;\nmargin-bottom:30px;\n}\n.hr.av-jt4l33a2-f4b97cb797dabd2a21645f07bb67eba5 .hr-inner{\nwidth:100%;\nborder-color:#b7b7b7;\n}\n<\/style>\n<div  class='hr av-jt4l33a2-f4b97cb797dabd2a21645f07bb67eba5 hr-custom  avia-builder-el-2  el_after_av_textblock  el_before_av_textblock  hr-center hr-icon-no'><span class='hr-inner inner-border-av-border-thin'><span class=\"hr-inner-style\"><\/span><\/span><\/div>\n<section  class='av_textblock_section av-p9w0-2c03cfa51bbb8120bd7b3dbf3f0d75e9 '   itemscope=\"itemscope\" itemtype=\"https:\/\/schema.org\/CreativeWork\" ><div class='avia_textblock'  itemprop=\"text\" ><h4>I. Geltungsbereich<\/h4>\n<p>Diese Gesch\u00e4ftsbedingungen sind Bestandteil aller Angebote und Vertr\u00e4ge \u00fcber Lieferungen und Leistungen der Kurtenbach-Modellbau GmbH an Unternehmer nach \u00a7 14 BGB, auch in laufender und k\u00fcnftiger Gesch\u00e4ftsverbindung. Sie gelten auch f\u00fcr Dienst- und Konstruktionsleistungen, die nicht Gegenstand eines selbst\u00e4ndigen Vertrages sind. Gesch\u00e4ftsbedingungen des Bestellers gelten nicht, es sei denn, dass sie von der Kurtenbach-Modellbau GmbH ausdr\u00fccklich anerkannt werden.<\/p>\n<h4>II. Angebot und Vertragsabschluss<\/h4>\n<p>1. Die Angebote der Kurtenbach-Modellbau GmbH sind freibleibend und unverbindlich. Auftr\u00e4ge sollen schriftlich best\u00e4tigt werden. \u00c4nderungen, Erg\u00e4nzungen oder Nachtr\u00e4ge sollen in Textform erfolgen.<br \/>\n2. Zeichnungen, Abbildungen, Masse, Gewichte oder sonstige Leistungsdaten sollen in schriftlicher oder in elektronischer Form festgehalten werden.<br \/>\n3. Angaben in Angeboten und\/oder Auftragsbest\u00e4tigungen der Kurtenbach-Modellbau GmbH, die auf einem Irrtum beruhen, verpflichten die Kurtenbach-Modellbau GmbH nicht.<\/p>\n<h4>III. Preise<\/h4>\n<p>1.\u00a0 Soweit nicht anders angegeben, h\u00e4lt sich die Kurtenbach-Modellbau GmbH an die in ihren Angeboten enthaltenen Preise 30 Tage ab deren Datum gebunden. Ma\u00dfgebend sind die in der Auftragsbest\u00e4tigung der Kurtenbach-Modellbau GmbH genannten Preise zuz\u00fcglich der jeweiligen gesetzlichen Umsatzsteuer. Zus\u00e4tzliche Lieferungen und Leistungen werden gesondert berechnet.<br \/>\n2.\u00a0 Die Preise verstehen sich ohne die Kosten f\u00fcr Verpackung, Fracht und Transportversicherung.<\/p>\n<h4>IV. Liefer- und Leistungszeit<\/h4>\n<p>1.\u00a0 Verbindliche Liefertermine oder -fristen sollen schriftlich vereinbart werden. Lieferfristen beginnen nach Eingang aller f\u00fcr die Ausf\u00fchrung des Auftrages erforderlichen Unterlagen, der Anzahlung und der rechtzeitigen Material- und Planungsbeistellungen, soweit nicht anders vereinbart.<br \/>\n2.\u00a0 Wird die von der Kurtenbach-Modellbau GmbH geschuldete Leistung durch h\u00f6here Gewalt, rechtm\u00e4\u00dfigen Streik, unverschuldetes Unverm\u00f6gen auf Seiten der Kurtenbach-Modellbau GmbH oder ihrer Lieferanten verz\u00f6gert, berechtigt dies die Kurtenbach-Modellbau GmbH, die Lieferung bzw. Leistung um die Dauer der Behinderung, l\u00e4ngstens jedoch bis zu sechs Wochen, hinauszuschieben, soweit nicht ein anzuerkennendes Interesse des Bestellers entgegensteht. Auf diese Leistungs- und Lieferzeitverl\u00e4ngerung kann sich die Kurtenbach-Modellbau GmbH nur berufen, wenn sie den Besteller \u00fcber die vorgenannten Umst\u00e4nde der Lieferzeitverz\u00f6gerung unverz\u00fcglich informiert. Dauert die Behinderung l\u00e4nger als sechs Wochen, ist der Besteller nach angemessener Nachfristsetzung berechtigt, hinsichtlich des noch nicht erf\u00fcllten Teils vom Vertrag zur\u00fcckzutreten.<br \/>\n3.\u00a0 Die Kurtenbach-Modellbau GmbH ist zu Teillieferungen und Teilleistungen berechtigt, soweit dies f\u00fcr den Besteller zumutbar ist.<br \/>\n4. Mit der Meldung der Versandbereitschaft gilt die Lieferung bzw. Leistung als erbracht. Die Gefahr geht auf den Besteller \u00fcber, sobald die Sendung an die den Transport ausf\u00fchrende Person \u00fcbergeben worden ist oder zwecks Versendung das Werk der Kurtenbach-Modellbau GmbH verlassen hat. Wird der Versand auf Veranlassung des Bestellers verz\u00f6gert oder nicht ausgef\u00fchrt, geht die Gefahr mit der Meldung der Versandbereitschaft auf ihn \u00fcber.<\/p>\n<h4>V. Gew\u00e4hrleistung<\/h4>\n<p>1.\u00a0Ma\u00dfgebend f\u00fcr Qualit\u00e4t und Ausf\u00fchrung sind die Beschreibungen der vereinbarten Beschaffenheit. Der Hinweis auf technische Normen dient der Leistungsbeschreibung und ist nicht als Beschaffenheitsgarantie auszulegen.<br \/>\n2.\u00a0Sachmangelanspr\u00fcche sowie Anspr\u00fcche auf Ersatz von Sch\u00e4den, die nicht an dem Liefergegenstand oder dem Werk selbst entstanden sind (Mangelfolgesch\u00e4den) verj\u00e4hren in 12 Monaten. Dies gilt nicht, soweit gesetzlich l\u00e4ngere Fristen zwingend vorgeschrieben sind. Die Verj\u00e4hrung beginnt mit der Abnahme des Werkes.<br \/>\n3.\u00a0Offensichtliche M\u00e4ngel m\u00fcssen 14 Tage nach Lieferung der Ware oder bei Abnahme der Leistung schriftlich ger\u00fcgt werden. Nach Ablauf dieser Frist k\u00f6nnen Gew\u00e4hrleistungsanspr\u00fcche wegen offensichtlicher M\u00e4ngel nicht mehr geltend gemacht werden. Die mangelhaften Gegenst\u00e4nde sind in dem Zustand, in dem sie sich im Zeitpunkt der Feststellung des Mangels befinden, zur Besichtigung durch die Kurtenbach-Modellbau GmbH bereit zu halten.<br \/>\n4. Ist der Auftrag f\u00fcr beide Vertragsteile ein kaufm\u00e4nnisches Gesch\u00e4ft, gelten die Regelungen des \u00a7 377 HGB entsprechend.<br \/>\n5. Bei berechtigten M\u00e4ngelr\u00fcgen hat die Kurtenbach-Modellbau GmbH die Wahl, entweder die mangelhaften Liefergegenst\u00e4nde nach zu erf\u00fcllen oder dem Besteller gegen R\u00fccknahme des beanstandeten Gegenstandes Ersatz zu liefern. Solange die Kurtenbach-Modellbau GmbH ihren Verpflichtungen auf Beseitigung der M\u00e4ngel nachkommt, hat der Besteller nicht das Recht, Herabsetzung der Verg\u00fctung oder den R\u00fccktritt vom Vertrages zu verlangen, sofern nicht ein Fehlschlagen der Nacherf\u00fcllung vorliegt. Mehrfache Nachbesserungen sind zul\u00e4ssig.<br \/>\n6.\u00a0Unwesentliche und zumutbare Abweichungen in den Abmessungen und Ausf\u00fchrungen, insbesondere bei Nachbestellungen, bleiben vorbehalten, soweit diese in der Natur der verwendeten Materialien liegen und \u00fcblich sind.<br \/>\n7. Abweichungen in den Abmessungen und in den Ausf\u00fchrungen sind vor der Weiterverarbeitung oder Weiterverwendung durch den Besteller zu \u00fcberpr\u00fcfen. Eine Haftung der Kurtenbach-Modellbau GmbH f\u00fcr Folgesch\u00e4den aus Verletzung dieser Obliegenheitspflicht des Bestellers wird ausgeschlossen.<br \/>\n8. Eigenm\u00e4chtiges Nacharbeiten und unsachgem\u00e4\u00dfe Behandlung haben den Verlust aller M\u00e4ngelanspr\u00fcche zur Folge. Verschlei\u00df oder Abnutzung in \u00fcblichem Umfang rechtfertigen keine Nacherf\u00fcllungsanspr\u00fcche.<br \/>\n9. Bei Verletzung wesentlicher Vertragspflichten ist die Haftung der Kurtenbach-Modellbau GmbH auf den Vertragstypischen, vorhersehbaren Schaden begrenzt, soweit kein vors\u00e4tzliches Handeln vorliegt.<\/p>\n<h4>VI. Verg\u00fctung<\/h4>\n<p>Ist die vertragliche Leistung von der Kurtenbach-Modellbau GmbH geleistet und abgenommen, so ist die Verg\u00fctung nach einfacher Rechnungslegung ohne Skontoabzug zu entrichten, sofern nichts anderes vereinbart ist.<\/p>\n<h4>VII. Pauschalierter Schadensersatz<\/h4>\n<p>K\u00fcndigt der Besteller vor Ausf\u00fchrung den Auftrag, so ist die Kurtenbach-Modellbau GmbH berechtigt, 10% der Gesamtauftragssumme als Schadensersatz zu verlangen. Dem Besteller bleibt ausdr\u00fccklich das Recht vorbehalten, einen geringeren Schaden nachzuweisen.<\/p>\n<h4>VIII. Zahlung<\/h4>\n<p>1. Wechselzahlungen sind nur bei besonderer Vereinbarung zul\u00e4ssig. Wechsel und Schecks werden nur zahlungshalber, nicht aber an Zahlung statt angenommen. Wechselspesen und Wechselsteuer gehen zu Lasten des Bestellers.<br \/>\n2. Wenn der Kurtenbach-Modellbau GmbH Umst\u00e4nde bekannt werden, die die Kreditw\u00fcrdigkeit des Bestellers in Frage stellen, dieser insbesondere einen Scheck nicht einl\u00f6st oder seine Zahlungen einstellt, ist die Kurtenbach-Modellbau GmbH berechtigt, die gesamte Restschuld f\u00e4llig zu stellen, auch wenn Sie Schecks angenommen hat. Zudem ist die Kurtenbach-Modellbau GmbH in diesem Fall berechtigt, Vorauszahlungen oder Sicherheitsleistungen zu verlangen.<br \/>\n3. Stellt der Besteller die Zahlungen endg\u00fcltig ein und\/oder wird ein Konkursverfahren \u00fcber sein Verm\u00f6gen oder ein gerichtliches oder au\u00dfergerichtliches Vergleichsverfahren beantragt, so ist die Kurtenbach-Modellbau GmbH auch berechtigt, von dem noch nicht erf\u00fcllten Teil des Vertrages zur\u00fcckzutreten.<br \/>\n4. Die Kurtenbach-Modellbau GmbH ist berechtigt, trotz anderslautender Bestimmungen des Bestellers Zahlungen zun\u00e4chst auf dessen \u00e4ltere Schulden anzurechnen. Die Kurtenbach-Modellbau GmbH wird den Besteller \u00fcber diese Art der erfolgten Verrechnung informieren. Sind bereits Kosten und Zinsen entstanden, so ist die Kurtenbach-Modellbau GmbH berechtigt, die Zahlung zun\u00e4chst auf die Kosten, dann auf die Zinsen und zuletzt auf die Hauptleistung anzurechnen.<br \/>\n5. Ger\u00e4t der Besteller in Zahlungsverzug, so ist die Kurtenbach-Modellbau GmbH berechtigt, von dem betroffenen Zeitpunkt ab Verzugszinsen in H\u00f6he von 8% \u00fcber dem Basiszins zu berechnen. Die Geltendmachung eines dar\u00fcber hinausgehenden Verzugsschadens der Kurtenbach-Modellbau GmbH bleibt vorbehalten.<\/p>\n<h4>IX. Aufrechnung<\/h4>\n<p>Die Aufrechnung mit anderen als unbestrittenen oder rechtskr\u00e4ftig festgestellten Forderungen ist ausgeschlossen.<\/p>\n<h4>X. Eigentumsvorbehalt<\/h4>\n<p>1. Gelieferte Gegenst\u00e4nde bleiben bis zur vollen Bezahlung der Verg\u00fctung Eigentum der Kurtenbach-Modellbau GmbH.<br \/>\n2. Der Besteller ist verpflichtet, Pf\u00e4ndungen der Eigentumsvorbehaltsgegenst\u00e4nde der Kurtenbach-Modellbau GmbH unverz\u00fcglich schriftlich anzuzeigen und die Pfandgl\u00e4ubiger von dem Eigentumsvorbehalt zu unterrichten.<br \/>\n3. Erfolgt die Lieferung f\u00fcr einen vom Besteller unterhaltenen Gesch\u00e4ftsbetrieb, so d\u00fcrfen die Gegenst\u00e4nde im Rahmen einer ordnungsgem\u00e4\u00dfen Gesch\u00e4ftsf\u00fchrung weiter ver\u00e4u\u00dfert werden. In diesem Falle werden die Forderungen des Bestellers gegen den Abnehmer aus der Ver\u00e4u\u00dferung bereits jetzt in der H\u00f6he des Rechnungswertes des gelieferten Vorbehaltsgegenstandes dem Auftragnehmer abgetreten. Bei Weiterver\u00e4u\u00dferung der Gegenst\u00e4nde auf Kredit hat sich der Besteller gegen\u00fcber seinem Abnehmer das Eigentum vorzubehalten. Die Rechte und Anspr\u00fcche aus diesem Eigentumsvorbehalt gegen\u00fcber seinem Abnehmer tritt der Besteller hiermit an die Kurtenbach-Modellbau GmbH ab.<br \/>\n4. Bei Verarbeitung, Verbindung und Vermischen der Vorbehaltsgegenst\u00e4nde mit anderen Gegenst\u00e4nden durch den Besteller, steht der Kurtenbach-Modellbau GmbH das Miteigentum an der neuen Sache zu im Verh\u00e4ltnis des Rechnungswertes der Vorbehaltsgegenst\u00e4nde zum Wert der \u00fcbrigen Gegenst\u00e4nde.<br \/>\n5. Wenn der Wert der bestehenden Sicherheiten die zu sichernden Forderungen um mehr als 20% \u00fcbersteigt, ist die Kurtenbach-Modellbau GmbH auf Verlangen des Bestellers insoweit auf Freigabe verpflichtet.<\/p>\n<h4>XI. Gewerbliche Schutzrechte<\/h4>\n<p>An Kostenvoranschl\u00e4gen, Entw\u00fcrfen, Zeichnungen und Berechnungen beh\u00e4lt sich die Kurtenbach-Modellbau GmbH ihr Eigentums- und Urheberrecht vor. Sie d\u00fcrfen ohne ihre Zustimmung weder genutzt, vervielf\u00e4ltigt noch dritten Personen zug\u00e4nglich gemacht werden. Sie sind im Falle der Nichterteilung des Auftrages unverz\u00fcglich zur\u00fcckzugeben.<\/p>\n<h4>XII. Geheimhaltung<\/h4>\n<p>Falls nicht ausdr\u00fccklich schriftlich etwas anderes vereinbart oder \u00fcblich ist, gelten die der Kurtenbach- Modellbau GmbH im Zusammenhang mit Bestellung unterbreiteten Informationen als nicht vertraulich.<\/p>\n<h4>XIII. Gerichtsstand<\/h4>\n<p>1. Sind beide Vertragsparteien Kaufleute, so ist ausschlie\u00dflicher Gerichtsstand der Gesch\u00e4ftssitz der Kurtenbach-Modellbau GmbH.<br \/>\n2. Das Vertragsverh\u00e4ltnis und alle daraus erwachsenen Streitigkeiten unterliegen \u2013 auch bei Auslandsgesch\u00e4ften- dem Recht der Bundesrepublik Deutschland.<\/p>\n<\/div><\/section>\n\n<style type=\"text\/css\" data-created_by=\"avia_inline_auto\" id=\"style-css-av-jt8si44q-60d1b7489103f8eb7716857276f678e9\">\n#top .hr.hr-invisible.av-jt8si44q-60d1b7489103f8eb7716857276f678e9{\nheight:50px;\n}\n<\/style>\n<div  class='hr av-jt8si44q-60d1b7489103f8eb7716857276f678e9 hr-invisible  avia-builder-el-4  el_after_av_textblock  avia-builder-el-last '><span class='hr-inner '><span class=\"hr-inner-style\"><\/span><\/span><\/div>\n","protected":false},"excerpt":{"rendered":"","protected":false},"author":6,"featured_media":1355,"parent":0,"menu_order":17,"comment_status":"closed","ping_status":"closed","template":"","meta":{"footnotes":""},"class_list":["post-1551","page","type-page","status-publish","has-post-thumbnail","hentry"],"yoast_head":"<!-- This site is optimized with the Yoast SEO plugin v27.4 - https:\/\/yoast.com\/product\/yoast-seo-wordpress\/ -->\n<title>GTC - Modellbau Kurtenbach<\/title>\n<meta name=\"description\" content=\"General Terms and Conditions of Business (GTC) I This document is a printable version of our general terms and conditions of trade.\" \/>\n<meta name=\"robots\" content=\"index, follow, max-snippet:-1, max-image-preview:large, max-video-preview:-1\" \/>\n<link rel=\"canonical\" href=\"https:\/\/www.modellbau-kurtenbach.de\/en\/gtc\/\" \/>\n<meta property=\"og:locale\" content=\"en_US\" \/>\n<meta property=\"og:type\" content=\"article\" \/>\n<meta property=\"og:title\" content=\"GTC - Modellbau Kurtenbach\" \/>\n<meta property=\"og:description\" content=\"General Terms and Conditions of Business (GTC) I This document is a printable version of our general terms and conditions of trade.\" \/>\n<meta property=\"og:url\" content=\"https:\/\/www.modellbau-kurtenbach.de\/en\/gtc\/\" \/>\n<meta property=\"og:site_name\" content=\"Modellbau Kurtenbach\" \/>\n<meta property=\"article:modified_time\" content=\"2019-03-28T17:27:09+00:00\" \/>\n<meta property=\"og:image\" content=\"https:\/\/www.modellbau-kurtenbach.de\/wp-content\/uploads\/2019\/03\/Slider_1.jpg\" \/>\n\t<meta property=\"og:image:width\" content=\"990\" \/>\n\t<meta property=\"og:image:height\" content=\"360\" \/>\n\t<meta property=\"og:image:type\" content=\"image\/jpeg\" \/>\n<meta name=\"twitter:card\" content=\"summary_large_image\" \/>\n<meta name=\"twitter:label1\" content=\"Est. reading time\" \/>\n\t<meta name=\"twitter:data1\" content=\"8 minutes\" \/>\n<script type=\"application\/ld+json\" class=\"yoast-schema-graph\">{\"@context\":\"https:\\\/\\\/schema.org\",\"@graph\":[{\"@type\":\"WebPage\",\"@id\":\"https:\\\/\\\/www.modellbau-kurtenbach.de\\\/en\\\/gtc\\\/\",\"url\":\"https:\\\/\\\/www.modellbau-kurtenbach.de\\\/en\\\/gtc\\\/\",\"name\":\"GTC - Modellbau Kurtenbach\",\"isPartOf\":{\"@id\":\"https:\\\/\\\/www.modellbau-kurtenbach.de\\\/#website\"},\"primaryImageOfPage\":{\"@id\":\"https:\\\/\\\/www.modellbau-kurtenbach.de\\\/en\\\/gtc\\\/#primaryimage\"},\"image\":{\"@id\":\"https:\\\/\\\/www.modellbau-kurtenbach.de\\\/en\\\/gtc\\\/#primaryimage\"},\"thumbnailUrl\":\"https:\\\/\\\/www.modellbau-kurtenbach.de\\\/wp-content\\\/uploads\\\/2019\\\/03\\\/Slider_1.jpg\",\"datePublished\":\"2019-03-07T12:59:50+00:00\",\"dateModified\":\"2019-03-28T17:27:09+00:00\",\"description\":\"General Terms and Conditions of Business (GTC) I This document is a printable version of our general terms and conditions of trade.\",\"breadcrumb\":{\"@id\":\"https:\\\/\\\/www.modellbau-kurtenbach.de\\\/en\\\/gtc\\\/#breadcrumb\"},\"inLanguage\":\"en-US\",\"potentialAction\":[{\"@type\":\"ReadAction\",\"target\":[\"https:\\\/\\\/www.modellbau-kurtenbach.de\\\/en\\\/gtc\\\/\"]}]},{\"@type\":\"ImageObject\",\"inLanguage\":\"en-US\",\"@id\":\"https:\\\/\\\/www.modellbau-kurtenbach.de\\\/en\\\/gtc\\\/#primaryimage\",\"url\":\"https:\\\/\\\/www.modellbau-kurtenbach.de\\\/wp-content\\\/uploads\\\/2019\\\/03\\\/Slider_1.jpg\",\"contentUrl\":\"https:\\\/\\\/www.modellbau-kurtenbach.de\\\/wp-content\\\/uploads\\\/2019\\\/03\\\/Slider_1.jpg\",\"width\":990,\"height\":360},{\"@type\":\"BreadcrumbList\",\"@id\":\"https:\\\/\\\/www.modellbau-kurtenbach.de\\\/en\\\/gtc\\\/#breadcrumb\",\"itemListElement\":[{\"@type\":\"ListItem\",\"position\":1,\"name\":\"Startseite\",\"item\":\"https:\\\/\\\/www.modellbau-kurtenbach.de\\\/en\\\/\"},{\"@type\":\"ListItem\",\"position\":2,\"name\":\"GTC\"}]},{\"@type\":\"WebSite\",\"@id\":\"https:\\\/\\\/www.modellbau-kurtenbach.de\\\/#website\",\"url\":\"https:\\\/\\\/www.modellbau-kurtenbach.de\\\/\",\"name\":\"Modellbau Kurtenbach\",\"description\":\"Ihr Spezialist f\u00fcr Modell-, Prototypen-, Werkzeug- und Lehrenbau\",\"publisher\":{\"@id\":\"https:\\\/\\\/www.modellbau-kurtenbach.de\\\/#organization\"},\"potentialAction\":[{\"@type\":\"SearchAction\",\"target\":{\"@type\":\"EntryPoint\",\"urlTemplate\":\"https:\\\/\\\/www.modellbau-kurtenbach.de\\\/?s={search_term_string}\"},\"query-input\":{\"@type\":\"PropertyValueSpecification\",\"valueRequired\":true,\"valueName\":\"search_term_string\"}}],\"inLanguage\":\"en-US\"},{\"@type\":\"Organization\",\"@id\":\"https:\\\/\\\/www.modellbau-kurtenbach.de\\\/#organization\",\"name\":\"Modellbau Kurtenbach\",\"url\":\"https:\\\/\\\/www.modellbau-kurtenbach.de\\\/\",\"logo\":{\"@type\":\"ImageObject\",\"inLanguage\":\"en-US\",\"@id\":\"https:\\\/\\\/www.modellbau-kurtenbach.de\\\/#\\\/schema\\\/logo\\\/image\\\/\",\"url\":\"https:\\\/\\\/www.modellbau-kurtenbach.de\\\/wp-content\\\/uploads\\\/2019\\\/03\\\/Logo-Modellbau-Kurtenbach_800px-1.png\",\"contentUrl\":\"https:\\\/\\\/www.modellbau-kurtenbach.de\\\/wp-content\\\/uploads\\\/2019\\\/03\\\/Logo-Modellbau-Kurtenbach_800px-1.png\",\"width\":800,\"height\":155,\"caption\":\"Modellbau Kurtenbach\"},\"image\":{\"@id\":\"https:\\\/\\\/www.modellbau-kurtenbach.de\\\/#\\\/schema\\\/logo\\\/image\\\/\"},\"sameAs\":[\"https:\\\/\\\/www.instagram.com\\\/modellbau_kurtenbach_gmbh\\\/\"]}]}<\/script>\n<!-- \/ Yoast SEO plugin. -->","yoast_head_json":{"title":"GTC - Modellbau Kurtenbach","description":"General Terms and Conditions of Business (GTC) I This document is a printable version of our general terms and conditions of trade.","robots":{"index":"index","follow":"follow","max-snippet":"max-snippet:-1","max-image-preview":"max-image-preview:large","max-video-preview":"max-video-preview:-1"},"canonical":"https:\/\/www.modellbau-kurtenbach.de\/en\/gtc\/","og_locale":"en_US","og_type":"article","og_title":"GTC - Modellbau Kurtenbach","og_description":"General Terms and Conditions of Business (GTC) I This document is a printable version of our general terms and conditions of trade.","og_url":"https:\/\/www.modellbau-kurtenbach.de\/en\/gtc\/","og_site_name":"Modellbau Kurtenbach","article_modified_time":"2019-03-28T17:27:09+00:00","og_image":[{"width":990,"height":360,"url":"https:\/\/www.modellbau-kurtenbach.de\/wp-content\/uploads\/2019\/03\/Slider_1.jpg","type":"image\/jpeg"}],"twitter_card":"summary_large_image","twitter_misc":{"Est. reading time":"8 minutes"},"schema":{"@context":"https:\/\/schema.org","@graph":[{"@type":"WebPage","@id":"https:\/\/www.modellbau-kurtenbach.de\/en\/gtc\/","url":"https:\/\/www.modellbau-kurtenbach.de\/en\/gtc\/","name":"GTC - Modellbau Kurtenbach","isPartOf":{"@id":"https:\/\/www.modellbau-kurtenbach.de\/#website"},"primaryImageOfPage":{"@id":"https:\/\/www.modellbau-kurtenbach.de\/en\/gtc\/#primaryimage"},"image":{"@id":"https:\/\/www.modellbau-kurtenbach.de\/en\/gtc\/#primaryimage"},"thumbnailUrl":"https:\/\/www.modellbau-kurtenbach.de\/wp-content\/uploads\/2019\/03\/Slider_1.jpg","datePublished":"2019-03-07T12:59:50+00:00","dateModified":"2019-03-28T17:27:09+00:00","description":"General Terms and Conditions of Business (GTC) I This document is a printable version of our general terms and conditions of trade.","breadcrumb":{"@id":"https:\/\/www.modellbau-kurtenbach.de\/en\/gtc\/#breadcrumb"},"inLanguage":"en-US","potentialAction":[{"@type":"ReadAction","target":["https:\/\/www.modellbau-kurtenbach.de\/en\/gtc\/"]}]},{"@type":"ImageObject","inLanguage":"en-US","@id":"https:\/\/www.modellbau-kurtenbach.de\/en\/gtc\/#primaryimage","url":"https:\/\/www.modellbau-kurtenbach.de\/wp-content\/uploads\/2019\/03\/Slider_1.jpg","contentUrl":"https:\/\/www.modellbau-kurtenbach.de\/wp-content\/uploads\/2019\/03\/Slider_1.jpg","width":990,"height":360},{"@type":"BreadcrumbList","@id":"https:\/\/www.modellbau-kurtenbach.de\/en\/gtc\/#breadcrumb","itemListElement":[{"@type":"ListItem","position":1,"name":"Startseite","item":"https:\/\/www.modellbau-kurtenbach.de\/en\/"},{"@type":"ListItem","position":2,"name":"GTC"}]},{"@type":"WebSite","@id":"https:\/\/www.modellbau-kurtenbach.de\/#website","url":"https:\/\/www.modellbau-kurtenbach.de\/","name":"Modellbau Kurtenbach","description":"Ihr Spezialist f\u00fcr Modell-, Prototypen-, Werkzeug- und Lehrenbau","publisher":{"@id":"https:\/\/www.modellbau-kurtenbach.de\/#organization"},"potentialAction":[{"@type":"SearchAction","target":{"@type":"EntryPoint","urlTemplate":"https:\/\/www.modellbau-kurtenbach.de\/?s={search_term_string}"},"query-input":{"@type":"PropertyValueSpecification","valueRequired":true,"valueName":"search_term_string"}}],"inLanguage":"en-US"},{"@type":"Organization","@id":"https:\/\/www.modellbau-kurtenbach.de\/#organization","name":"Modellbau Kurtenbach","url":"https:\/\/www.modellbau-kurtenbach.de\/","logo":{"@type":"ImageObject","inLanguage":"en-US","@id":"https:\/\/www.modellbau-kurtenbach.de\/#\/schema\/logo\/image\/","url":"https:\/\/www.modellbau-kurtenbach.de\/wp-content\/uploads\/2019\/03\/Logo-Modellbau-Kurtenbach_800px-1.png","contentUrl":"https:\/\/www.modellbau-kurtenbach.de\/wp-content\/uploads\/2019\/03\/Logo-Modellbau-Kurtenbach_800px-1.png","width":800,"height":155,"caption":"Modellbau Kurtenbach"},"image":{"@id":"https:\/\/www.modellbau-kurtenbach.de\/#\/schema\/logo\/image\/"},"sameAs":["https:\/\/www.instagram.com\/modellbau_kurtenbach_gmbh\/"]}]}},"_links":{"self":[{"href":"https:\/\/www.modellbau-kurtenbach.de\/en\/wp-json\/wp\/v2\/pages\/1551","targetHints":{"allow":["GET"]}}],"collection":[{"href":"https:\/\/www.modellbau-kurtenbach.de\/en\/wp-json\/wp\/v2\/pages"}],"about":[{"href":"https:\/\/www.modellbau-kurtenbach.de\/en\/wp-json\/wp\/v2\/types\/page"}],"author":[{"embeddable":true,"href":"https:\/\/www.modellbau-kurtenbach.de\/en\/wp-json\/wp\/v2\/users\/6"}],"replies":[{"embeddable":true,"href":"https:\/\/www.modellbau-kurtenbach.de\/en\/wp-json\/wp\/v2\/comments?post=1551"}],"version-history":[{"count":0,"href":"https:\/\/www.modellbau-kurtenbach.de\/en\/wp-json\/wp\/v2\/pages\/1551\/revisions"}],"wp:featuredmedia":[{"embeddable":true,"href":"https:\/\/www.modellbau-kurtenbach.de\/en\/wp-json\/wp\/v2\/media\/1355"}],"wp:attachment":[{"href":"https:\/\/www.modellbau-kurtenbach.de\/en\/wp-json\/wp\/v2\/media?parent=1551"}],"curies":[{"name":"wp","href":"https:\/\/api.w.org\/{rel}","templated":true}]}}